{"id":30,"date":"2023-12-11T16:56:38","date_gmt":"2023-12-11T15:56:38","guid":{"rendered":"http:\/\/pompeachaleur-bethune.fr\/wordpress\/?page_id=30"},"modified":"2024-03-19T10:42:47","modified_gmt":"2024-03-19T09:42:47","slug":"accueil","status":"publish","type":"page","link":"https:\/\/pompeachaleur-bethune.fr\/wordpress\/","title":{"rendered":"Votre installateur en pompe \u00e0 chaleur dans les Hauts de France"},"content":{"rendered":"\t\t<div data-elementor-type=\"wp-page\" data-elementor-id=\"30\" class=\"elementor elementor-30\">\n\t\t\t\t\t\t\t<div class=\"elementor-element elementor-element-8119e90 elementor-hidden-tablet elementor-hidden-mobile e-flex e-con-boxed e-con e-parent\" data-id=\"8119e90\" data-element_type=\"container\" data-settings=\"{&quot;content_width&quot;:&quot;boxed&quot;}\" data-core-v316-plus=\"true\">\n\t\t\t\t\t<div class=\"e-con-inner\">\n\t\t\t\t<div class=\"elementor-element elementor-element-a94ab48 elementor-widget elementor-widget-heading\" data-id=\"a94ab48\" data-element_type=\"widget\" data-widget_type=\"heading.default\">\n\t\t\t\t<div class=\"elementor-widget-container\">\n\t\t\t<style>\/*! elementor - v3.18.0 - 08-12-2023 *\/\n.elementor-heading-title{padding:0;margin:0;line-height:1}.elementor-widget-heading .elementor-heading-title[class*=elementor-size-]>a{color:inherit;font-size:inherit;line-height:inherit}.elementor-widget-heading .elementor-heading-title.elementor-size-small{font-size:15px}.elementor-widget-heading .elementor-heading-title.elementor-size-medium{font-size:19px}.elementor-widget-heading .elementor-heading-title.elementor-size-large{font-size:29px}.elementor-widget-heading .elementor-heading-title.elementor-size-xl{font-size:39px}.elementor-widget-heading .elementor-heading-title.elementor-size-xxl{font-size:59px}<\/style><h2 class=\"elementor-heading-title elementor-size-default\">Recherches fr\u00e9quentes<\/h2>\t\t<\/div>\n\t\t\t\t<\/div>\n\t\t\t\t<div class=\"elementor-element elementor-element-a82e1ac elementor-widget elementor-widget-text-editor\" data-id=\"a82e1ac\" data-element_type=\"widget\" data-widget_type=\"text-editor.default\">\n\t\t\t\t<div class=\"elementor-widget-container\">\n\t\t\t<style>\/*! elementor - v3.18.0 - 08-12-2023 *\/\n.elementor-widget-text-editor.elementor-drop-cap-view-stacked .elementor-drop-cap{background-color:#69727d;color:#fff}.elementor-widget-text-editor.elementor-drop-cap-view-framed .elementor-drop-cap{color:#69727d;border:3px solid;background-color:transparent}.elementor-widget-text-editor:not(.elementor-drop-cap-view-default) .elementor-drop-cap{margin-top:8px}.elementor-widget-text-editor:not(.elementor-drop-cap-view-default) .elementor-drop-cap-letter{width:1em;height:1em}.elementor-widget-text-editor .elementor-drop-cap{float:left;text-align:center;line-height:1;font-size:50px}.elementor-widget-text-editor .elementor-drop-cap-letter{display:inline-block}<\/style>\t\t\t\t<h6><a href=\"http:\/\/pompeachaleur-bethune.fr\/wordpress\/installer-une-pompe-a-chaleur-a-amiens-conseils-pratiques\/\">Installer une pompe \u00e0 chaleur \u00e0 Amiens : conseils pratiques<\/a> \/ <a href=\"http:\/\/pompeachaleur-bethune.fr\/wordpress\/aides-financieres-pour-linstallation-de-pompe-a-chaleur-a-arras\">Aides financi\u00e8res pour l&rsquo;installation de pompe \u00e0 chaleur \u00e0 Arras<\/a> \/ <a href=\"http:\/\/pompeachaleur-bethune.fr\/wordpress\/choisir-le-bon-installateur-de-pompe-a-chaleur-a-beauvais\">Choisir le bon installateur de pompe \u00e0 chaleur \u00e0 Beauvais<\/a> \/ <a href=\"http:\/\/pompeachaleur-bethune.fr\/wordpress\/guide-dinstallation-de-pompe-a-chaleur-a-boulogne-sur-mer-etapes-importantes\">Guide d&rsquo;installation de pompe \u00e0 chaleur \u00e0 Boulogne-sur-Mer : \u00e9tapes importantes<\/a> \/ <a href=\"http:\/\/pompeachaleur-bethune.fr\/wordpress\/programmes-daide-pour-les-residents-de-calais-installant-une-pompe-a-chaleur\">Programmes d&rsquo;aide pour les r\u00e9sidents de Calais installant une pompe \u00e0 chaleur<\/a> \/ <a href=\"http:\/\/pompeachaleur-bethune.fr\/wordpress\/comparatif-des-installateurs-de-pompe-a-chaleur-a-cambrai\">Comparatif des installateurs de pompe \u00e0 chaleur \u00e0 Cambrai<\/a> \/ <a href=\"http:\/\/pompeachaleur-bethune.fr\/wordpress\/les-essentiels-pour-installer-une-pompe-a-chaleur-a-compiegne-guide-pratique\">Les essentiels pour installer une pompe \u00e0 chaleur \u00e0 Compi\u00e8gne : guide pratique<\/a> \/ <a href=\"http:\/\/pompeachaleur-bethune.fr\/wordpress\/aides-gouvernementales-pour-linstallation-de-pompe-a-chaleur-a-douai\">Aides gouvernementales pour l&rsquo;installation de pompe \u00e0 chaleur \u00e0 Douai<\/a> \/ <a href=\"http:\/\/pompeachaleur-bethune.fr\/wordpress\/trouver-un-installateur-competent-de-pompe-a-chaleur-a-dunkerque\">Trouver un installateur comp\u00e9tent de pompe \u00e0 chaleur \u00e0 Dunkerque<\/a> \/ <a href=\"http:\/\/pompeachaleur-bethune.fr\/wordpress\/installation-reussie-de-pompe-a-chaleur-a-hazebrouck-astuces-et-conseils\">Installation r\u00e9ussie de pompe \u00e0 chaleur \u00e0 Hazebrouck : astuces et conseils<\/a> \/ <a href=\"http:\/\/pompeachaleur-bethune.fr\/wordpress\/aides-disponibles-pour-linstallation-de-pompe-a-chaleur-a-laon\">Aides disponibles pour l&rsquo;installation de pompe \u00e0 chaleur \u00e0 Laon<\/a> \/ <a href=\"http:\/\/pompeachaleur-bethune.fr\/wordpress\/choisir-le-bon-installateur-de-pompe-a-chaleur-a-lens\">Choisir le bon installateur de pompe \u00e0 chaleur \u00e0 Lens<\/a> \/ <a href=\"http:\/\/pompeachaleur-bethune.fr\/wordpress\/guide-detaille-pour-linstallation-de-pompe-a-chaleur-a-maubeuge-conseils-pratiques\">Guide d\u00e9taill\u00e9 pour l&rsquo;installation de pompe \u00e0 chaleur \u00e0 Maubeuge : conseils pratiques<\/a> \/ <a href=\"http:\/\/pompeachaleur-bethune.fr\/wordpress\/programmes-daide-pour-les-residents-de-saint-quentin-installant-une-pompe-a-chaleur\">Programmes d&rsquo;aide pour les r\u00e9sidents de Saint-Quentin installant une pompe \u00e0 chaleur<\/a> \/ <a href=\"http:\/\/pompeachaleur-bethune.fr\/wordpress\/comparatif-des-installateurs-de-pompe-a-chaleur-a-soissons\">Comparatif des installateurs de pompe \u00e0 chaleur \u00e0 Soissons<\/a> \/ <a href=\"http:\/\/pompeachaleur-bethune.fr\/wordpress\/les-etapes-cles-pour-installer-une-pompe-a-chaleur-a-abbeville\">Les \u00e9tapes cl\u00e9s pour installer une pompe \u00e0 chaleur \u00e0 Abbeville<\/a> \/ <a href=\"http:\/\/pompeachaleur-bethune.fr\/wordpress\/aides-gouvernementales-pour-linstallation-de-pompe-a-chaleur-a-armentieres\">Aides gouvernementales pour l&rsquo;installation de pompe \u00e0 chaleur \u00e0 Armenti\u00e8res<\/a> \/ <a href=\"http:\/\/pompeachaleur-bethune.fr\/wordpress\/trouver-un-installateur-experimente-de-pompe-a-chaleur-a-bapaume\">Trouver un installateur exp\u00e9riment\u00e9 de pompe \u00e0 chaleur \u00e0 Bapaume<\/a> \/ <a href=\"http:\/\/pompeachaleur-bethune.fr\/wordpress\/installer-une-pompe-a-chaleur-a-guise-guide-pratique\">Installer une pompe \u00e0 chaleur \u00e0 Guise : guide pratique<\/a> \/ <a href=\"http:\/\/pompeachaleur-bethune.fr\/wordpress\/aides-disponibles-pour-linstallation-de-pompe-a-chaleur-a-montreuil-sur-mer\">Aides disponibles pour l&rsquo;installation de pompe \u00e0 chaleur \u00e0 Montreuil-sur-Mer<\/a> \/ <a href=\"http:\/\/pompeachaleur-bethune.fr\/wordpress\/choisir-le-bon-installateur-de-pompe-a-chaleur-a-peronne\">Choisir le bon installateur de pompe \u00e0 chaleur \u00e0 P\u00e9ronne<\/a> \/ <a href=\"http:\/\/pompeachaleur-bethune.fr\/wordpress\/guide-dinstallation-de-pompe-a-chaleur-a-avesnes-sur-helpe-etapes-importantes\">Guide d&rsquo;installation de pompe \u00e0 chaleur \u00e0 Avesnes-sur-Helpe : \u00e9tapes importantes<\/a> \/ <a href=\"http:\/\/pompeachaleur-bethune.fr\/wordpress\/programmes-daide-pour-les-residents-de-saint-omer-installant-une-pompe-a-chaleur\">Programmes d&rsquo;aide pour les r\u00e9sidents de Saint-Omer installant une pompe \u00e0 chaleur<\/a> \/ <a href=\"http:\/\/pompeachaleur-bethune.fr\/wordpress\/comparatif-des-installateurs-de-pompe-a-chaleur-a-saint-pol-sur-ternoise\">Comparatif des installateurs de pompe \u00e0 chaleur \u00e0 Saint-Pol-sur-Ternoise<\/a> \/ <a href=\"http:\/\/pompeachaleur-bethune.fr\/wordpress\/les-essentiels-pour-installer-une-pompe-a-chaleur-a-le-quesnoy-guide-pratique\">Les essentiels pour installer une pompe \u00e0 chaleur \u00e0 Le Quesnoy : guide pratique<\/a> \/ <a href=\"http:\/\/pompeachaleur-bethune.fr\/wordpress\/aides-gouvernementales-pour-linstallation-de-pompe-a-chaleur-a-albert\">Aides gouvernementales pour l&rsquo;installation de pompe \u00e0 chaleur \u00e0 Albert<\/a> \/ <a href=\"http:\/\/pompeachaleur-bethune.fr\/wordpress\/trouver-un-installateur-competent-de-pompe-a-chaleur-a-lillebonne\">Trouver un installateur comp\u00e9tent de pompe \u00e0 chaleur \u00e0 Lillebonne<\/a> \/ <a href=\"http:\/\/pompeachaleur-bethune.fr\/wordpress\/installation-reussie-de-pompe-a-chaleur-a-bray-sur-somme-astuces-et-conseils\">Installation r\u00e9ussie de pompe \u00e0 chaleur \u00e0 Bray-sur-Somme : astuces et conseils<\/a> \/ <a href=\"http:\/\/pompeachaleur-bethune.fr\/wordpress\/aides-disponibles-pour-linstallation-de-pompe-a-chaleur-a-le-crotoy\">Aides disponibles pour l&rsquo;installation de pompe \u00e0 chaleur \u00e0 Le Crotoy<\/a> \/ <a href=\"http:\/\/pompeachaleur-bethune.fr\/wordpress\/choisir-le-bon-installateur-de-pompe-a-chaleur-a-hesdin\">Choisir le bon installateur de pompe \u00e0 chaleur \u00e0 Hesdin.<\/a><\/h6>\t\t\t\t\t\t<\/div>\n\t\t\t\t<\/div>\n\t\t\t\t<div class=\"elementor-element elementor-element-beb74d3 elementor-widget elementor-widget-heading\" data-id=\"beb74d3\" data-element_type=\"widget\" data-widget_type=\"heading.default\">\n\t\t\t\t<div class=\"elementor-widget-container\">\n\t\t\t<h2 class=\"elementor-heading-title elementor-size-default\">Suggestions de recherches<\/h2>\t\t<\/div>\n\t\t\t\t<\/div>\n\t\t\t\t<div class=\"elementor-element elementor-element-1060464 elementor-widget elementor-widget-text-editor\" data-id=\"1060464\" data-element_type=\"widget\" data-widget_type=\"text-editor.default\">\n\t\t\t\t<div class=\"elementor-widget-container\">\n\t\t\t\t\t\t\t<h6><a href=\"http:\/\/pompeachaleur-bethune.fr\/wordpress\/pompe-a-chaleur-panasonic\/\">Installer une pompe \u00e0 chaleur Panasonic : astuces et conseils.<\/a> \/ <a href=\"http:\/\/pompeachaleur-bethune.fr\/wordpress\/pompe-a-chaleur-lg\/\">Guide d&rsquo;installation de pompe \u00e0 chaleur LG : \u00e9tapes importantes.<\/a> \/ <a href=\"http:\/\/pompeachaleur-bethune.fr\/wordpress\/pompe-a-chaleur-bosch\">Comparatif des installateurs de pompe \u00e0 chaleur Bosch.<\/a> \/ <a href=\"http:\/\/pompeachaleur-bethune.fr\/wordpress\/pompe-a-chaleur-alltech\">Aides gouvernementales pour l&rsquo;installation de pompe \u00e0 chaleur Altech.<\/a> \/ <a href=\"http:\/\/pompeachaleur-bethune.fr\/wordpress\/pompe-a-chaleur-daikin\">Choisir le bon installateur de pompe \u00e0 chaleur Daikin.<\/a> \/ <a href=\"http:\/\/pompeachaleur-bethune.fr\/wordpress\/pompe-a-chaleur-ariston\">Programmes d&rsquo;aide pour l&rsquo;installation de pompe \u00e0 chaleur Ariston.<\/a> \/ <a href=\"http:\/\/pompeachaleur-bethune.fr\/wordpress\/pompe-a-chaleur-toshiba\">Aides disponibles pour l&rsquo;installation de pompe \u00e0 chaleur Toshiba.<\/a> \/ <a href=\"http:\/\/pompeachaleur-bethune.fr\/wordpress\/pompe-a-chaleur-airwell\/\">Trouver un installateur exp\u00e9riment\u00e9 de pompe \u00e0 chaleur Airwell.<\/a> \/ <a href=\"http:\/\/pompeachaleur-bethune.fr\/wordpress\/pompe-a-chaleur-atlantic\">Les essentiels pour installer une pompe \u00e0 chaleur Atlantic : guide pratique.<\/a> \/ <a href=\"http:\/\/pompeachaleur-bethune.fr\/wordpress\/pompe-a-chaleur-ariston\">Comparatif des installateurs de pompe \u00e0 chaleur Ariston.<\/a> \/ <a href=\"http:\/\/pompeachaleur-bethune.fr\/wordpress\/pompe-a-chaleur-bosch\">Installer une pompe \u00e0 chaleur Bosch : guide pratique.<\/a> \/ <a href=\"http:\/\/pompeachaleur-bethune.fr\/wordpress\/pompe-a-chaleur-lg\/\">Aides financi\u00e8res pour l&rsquo;installation de pompe \u00e0 chaleur LG.<\/a> \/ <a href=\"http:\/\/pompeachaleur-bethune.fr\/wordpress\/pompe-a-chaleur-alltech\">Choisir le bon installateur de pompe \u00e0 chaleur Altech.<\/a> \/ <a href=\"http:\/\/pompeachaleur-bethune.fr\/wordpress\/pompe-a-chaleur-samsung\">Programmes d&rsquo;aide pour l&rsquo;installation de pompe \u00e0 chaleur Samsung.<\/a> \/ <a href=\"http:\/\/pompeachaleur-bethune.fr\/wordpress\/pompe-a-chaleur-panasonic\">Trouver un installateur comp\u00e9tent de pompe \u00e0 chaleur Panasonic.<\/a> \/<a href=\"http:\/\/pompeachaleur-bethune.fr\/wordpress\/pompe-a-chaleur-alltech\"> Installation r\u00e9ussie de pompe \u00e0 chaleur Altech : astuces et conseils.<\/a> \/ <a href=\"http:\/\/pompeachaleur-bethune.fr\/wordpress\/pompe-a-chaleur-atlantic\">Aides gouvernementales pour l&rsquo;installation de pompe \u00e0 chaleur Atlantic.<\/a> \/ <a href=\"http:\/\/pompeachaleur-bethune.fr\/wordpress\/pompe-a-chaleur-toshiba\">Guide d&rsquo;installation de pompe \u00e0 chaleur Toshiba : \u00e9tapes importantes.<\/a> \/ <a href=\"http:\/\/pompeachaleur-bethune.fr\/wordpress\/pompe-a-chaleur-panasonic\/\">Comparatif des installateurs de pompe \u00e0 chaleur Panasonic.<\/a> \/ <a href=\"http:\/\/pompeachaleur-bethune.fr\/wordpress\/pompe-a-chaleur-daikin\">Installer une pompe \u00e0 chaleur Daikin : guide pratique.<\/a> \/ <a href=\"http:\/\/pompeachaleur-bethune.fr\/wordpress\/pompe-a-chaleur-samsung\">Aides disponibles pour l&rsquo;installation de pompe \u00e0 chaleur Samsung.<\/a> \/ <a href=\"http:\/\/pompeachaleur-bethune.fr\/wordpress\/pompe-a-chaleur-airwell\/\">Les essentiels pour installer une pompe \u00e0 chaleur Airwell : guide pratique.<\/a> \/ <a href=\"http:\/\/pompeachaleur-bethune.fr\/wordpress\/pompe-a-chaleur-daikin\">Trouver un installateur exp\u00e9riment\u00e9 de pompe \u00e0 chaleur Daikin.<\/a> \/ <a href=\"http:\/\/pompeachaleur-bethune.fr\/wordpress\/pompe-a-chaleur-lg\/\">Choisir le bon installateur de pompe \u00e0 chaleur LG.<\/a> \/ <a href=\"http:\/\/pompeachaleur-bethune.fr\/wordpress\/pompe-a-chaleur-bosch\">Programmes d&rsquo;aide pour l&rsquo;installation de pompe \u00e0 chaleur Bosch.<\/a> \/ <a href=\"http:\/\/pompeachaleur-bethune.fr\/wordpress\/pompe-a-chaleur-toshiba\">Comparatif des installateurs de pompe \u00e0 chaleur Toshiba.<\/a> \/ <a href=\"http:\/\/pompeachaleur-bethune.fr\/wordpress\/pompe-a-chaleur-atlantic\">Installer une pompe \u00e0 chaleur Atlantic : astuces et conseils.<\/a> \/ <a href=\"http:\/\/pompeachaleur-bethune.fr\/wordpress\/pompe-a-chaleur-ariston\">Aides financi\u00e8res pour l&rsquo;installation de pompe \u00e0 chaleur Ariston.<\/a> \/ <a href=\"http:\/\/pompeachaleur-bethune.fr\/wordpress\/pompe-a-chaleur-samsung\">Trouver un installateur comp\u00e9tent de pompe \u00e0 chaleur Samsung.<\/a> \/ <a href=\"http:\/\/pompeachaleur-bethune.fr\/wordpress\/pompe-a-chaleur-bosch\">Installation r\u00e9ussie de pompe \u00e0 chaleur Bosch : astuces et conseils.<\/a><\/h6>\t\t\t\t\t\t<\/div>\n\t\t\t\t<\/div>\n\t\t\t\t\t<\/div>\n\t\t\t\t<\/div>\n\t\t<div class=\"elementor-element elementor-element-5316a01 e-flex e-con-boxed e-con e-parent\" data-id=\"5316a01\" data-element_type=\"container\" data-settings=\"{&quot;content_width&quot;:&quot;boxed&quot;}\" data-core-v316-plus=\"true\">\n\t\t\t\t\t<div class=\"e-con-inner\">\n\t\t\t\t<div class=\"elementor-element elementor-element-a93e56a elementor-widget elementor-widget-heading\" data-id=\"a93e56a\" data-element_type=\"widget\" data-widget_type=\"heading.default\">\n\t\t\t\t<div class=\"elementor-widget-container\">\n\t\t\t<h1 class=\"elementor-heading-title elementor-size-default\">Bethune \u00e9nergie verte : Votre installateur en pompe \u00e0 chaleur dans les Hauts de France<\/h1>\t\t<\/div>\n\t\t\t\t<\/div>\n\t\t\t\t\t<\/div>\n\t\t\t\t<\/div>\n\t\t<div class=\"elementor-element elementor-element-be9ec10 e-flex e-con-boxed e-con e-parent\" data-id=\"be9ec10\" data-element_type=\"container\" data-settings=\"{&quot;content_width&quot;:&quot;boxed&quot;}\" data-core-v316-plus=\"true\">\n\t\t\t\t\t<div class=\"e-con-inner\">\n\t\t\t\t<div class=\"elementor-element elementor-element-4074a54 elementor-widget elementor-widget-video\" data-id=\"4074a54\" data-element_type=\"widget\" data-settings=\"{&quot;video_type&quot;:&quot;hosted&quot;,&quot;start&quot;:2,&quot;controls&quot;:&quot;yes&quot;}\" data-widget_type=\"video.default\">\n\t\t\t\t<div class=\"elementor-widget-container\">\n\t\t\t<style>\/*! elementor - v3.18.0 - 08-12-2023 *\/\n.elementor-widget-video .elementor-widget-container{overflow:hidden;transform:translateZ(0)}.elementor-widget-video .elementor-wrapper{aspect-ratio:var(--video-aspect-ratio)}.elementor-widget-video .elementor-wrapper iframe,.elementor-widget-video .elementor-wrapper video{height:100%;width:100%;display:flex;border:none;background-color:#000}@supports not (aspect-ratio:1\/1){.elementor-widget-video .elementor-wrapper{position:relative;overflow:hidden;height:0;padding-bottom:calc(100% \/ var(--video-aspect-ratio))}.elementor-widget-video .elementor-wrapper iframe,.elementor-widget-video .elementor-wrapper video{position:absolute;top:0;right:0;bottom:0;left:0}}.elementor-widget-video .elementor-open-inline .elementor-custom-embed-image-overlay{position:absolute;top:0;right:0;bottom:0;left:0;background-size:cover;background-position:50%}.elementor-widget-video .elementor-custom-embed-image-overlay{cursor:pointer;text-align:center}.elementor-widget-video .elementor-custom-embed-image-overlay:hover .elementor-custom-embed-play i{opacity:1}.elementor-widget-video .elementor-custom-embed-image-overlay img{display:block;width:100%;aspect-ratio:var(--video-aspect-ratio);-o-object-fit:cover;object-fit:cover;-o-object-position:center center;object-position:center center}@supports not (aspect-ratio:1\/1){.elementor-widget-video .elementor-custom-embed-image-overlay{position:relative;overflow:hidden;height:0;padding-bottom:calc(100% \/ var(--video-aspect-ratio))}.elementor-widget-video .elementor-custom-embed-image-overlay img{position:absolute;top:0;right:0;bottom:0;left:0}}.elementor-widget-video .e-hosted-video .elementor-video{-o-object-fit:cover;object-fit:cover}.e-con-inner>.elementor-widget-video,.e-con>.elementor-widget-video{width:var(--container-widget-width);--flex-grow:var(--container-widget-flex-grow)}<\/style>\t\t<div class=\"e-hosted-video elementor-wrapper elementor-open-inline\">\n\t\t\t\t\t<video class=\"elementor-video\" src=\"https:\/\/pompeachaleur-bethune.fr\/wordpress\/wp-content\/uploads\/2024\/01\/changement-de-chauffage.mp4#t=2\" controls=\"\" preload=\"metadata\" controlsList=\"nodownload\" poster=\"https:\/\/pompeachaleur-bethune.fr\/wordpress\/wp-content\/uploads\/2023\/12\/9-min.png\"><\/video>\n\t\t\t\t<\/div>\n\t\t\t\t<\/div>\n\t\t\t\t<\/div>\n\t\t\t\t\t<\/div>\n\t\t\t\t<\/div>\n\t\t<div class=\"elementor-element elementor-element-43c4254 e-flex e-con-boxed e-con e-parent\" data-id=\"43c4254\" data-element_type=\"container\" data-settings=\"{&quot;content_width&quot;:&quot;boxed&quot;}\" data-core-v316-plus=\"true\">\n\t\t\t\t\t<div class=\"e-con-inner\">\n\t\t\t\t<div class=\"elementor-element elementor-element-b143cc8 elementor-widget elementor-widget-html\" data-id=\"b143cc8\" data-element_type=\"widget\" data-widget_type=\"html.default\">\n\t\t\t\t<div class=\"elementor-widget-container\">\n\t\t\t<div data-tf-live=\"01HB8TP4308F99D9THS15Y2RMD\"><\/div><script src=\"\/\/embed.typeform.com\/next\/embed.js\"><\/script>\t\t<\/div>\n\t\t\t\t<\/div>\n\t\t\t\t\t<\/div>\n\t\t\t\t<\/div>\n\t\t\t\t\t\t\t<\/div>\n\t\t","protected":false},"excerpt":{"rendered":"<p>Recherches fr\u00e9quentes Installer une pompe \u00e0 chaleur \u00e0 Amiens : conseils pratiques \/ Aides financi\u00e8res pour l&rsquo;installation de pompe \u00e0 chaleur \u00e0 Arras \/ Choisir le bon installateur de pompe \u00e0 chaleur \u00e0 Beauvais \/ Guide d&rsquo;installation de pompe \u00e0 chaleur \u00e0 Boulogne-sur-Mer : \u00e9tapes importantes \/ Programmes d&rsquo;aide pour [&hellip;]<\/p>\n","protected":false},"author":1,"featured_media":62,"parent":0,"menu_order":0,"comment_status":"closed","ping_status":"closed","template":"","meta":{"footnotes":""},"jetpack_sharing_enabled":true,"_links":{"self":[{"href":"https:\/\/pompeachaleur-bethune.fr\/wordpress\/wp-json\/wp\/v2\/pages\/30"}],"collection":[{"href":"https:\/\/pompeachaleur-bethune.fr\/wordpress\/wp-json\/wp\/v2\/pages"}],"about":[{"href":"https:\/\/pompeachaleur-bethune.fr\/wordpress\/wp-json\/wp\/v2\/types\/page"}],"author":[{"embeddable":true,"href":"https:\/\/pompeachaleur-bethune.fr\/wordpress\/wp-json\/wp\/v2\/users\/1"}],"replies":[{"embeddable":true,"href":"https:\/\/pompeachaleur-bethune.fr\/wordpress\/wp-json\/wp\/v2\/comments?post=30"}],"version-history":[{"count":201,"href":"https:\/\/pompeachaleur-bethune.fr\/wordpress\/wp-json\/wp\/v2\/pages\/30\/revisions"}],"predecessor-version":[{"id":1474,"href":"https:\/\/pompeachaleur-bethune.fr\/wordpress\/wp-json\/wp\/v2\/pages\/30\/revisions\/1474"}],"wp:featuredmedia":[{"embeddable":true,"href":"https:\/\/pompeachaleur-bethune.fr\/wordpress\/wp-json\/wp\/v2\/media\/62"}],"wp:attachment":[{"href":"https:\/\/pompeachaleur-bethune.fr\/wordpress\/wp-json\/wp\/v2\/media?parent=30"}],"curies":[{"name":"wp","href":"https:\/\/api.w.org\/{rel}","templated":true}]}}